{"id":44,"date":"2025-05-16T23:39:14","date_gmt":"2025-05-16T23:39:14","guid":{"rendered":"https:\/\/eztrans.vn\/?page_id=44"},"modified":"2025-05-25T07:07:21","modified_gmt":"2025-05-25T07:07:21","slug":"chinh-sach-bao-mat-thong-tin-khach-hang","status":"publish","type":"page","link":"https:\/\/eztrans.vn\/en\/chinh-sach-bao-mat-thong-tin-khach-hang\/","title":{"rendered":"Ch\u00ednh S\u00e1ch B\u1ea3o M\u1eadt Th\u00f4ng Tin Kh\u00e1ch H\u00e0ng"},"content":{"rendered":"<div data-elementor-type=\"wp-page\" data-elementor-id=\"44\" class=\"elementor elementor-44\" data-elementor-post-type=\"page\">\n\t\t\t\t<div class=\"elementor-element elementor-element-365a243 e-flex e-con-boxed e-con e-parent\" data-id=\"365a243\" data-element_type=\"container\" data-e-type=\"container\">\n\t\t\t\t\t<div class=\"e-con-inner\">\n\t\t\t\t<div class=\"elementor-element elementor-element-58771dc elementor-widget elementor-widget-spacer\" data-id=\"58771dc\" data-element_type=\"widget\" data-e-type=\"widget\" data-widget_type=\"spacer.default\">\n\t\t\t\t<div class=\"elementor-widget-container\">\n\t\t\t\t\t\t\t<div class=\"elementor-spacer\">\n\t\t\t<div class=\"elementor-spacer-inner\"><\/div>\n\t\t<\/div>\n\t\t\t\t\t\t<\/div>\n\t\t\t\t<\/div>\n\t\t\t\t\t<\/div>\n\t\t\t\t<\/div>\n\t\t<div class=\"elementor-element elementor-element-919518b e-flex e-con-boxed e-con e-parent\" data-id=\"919518b\" data-element_type=\"container\" data-e-type=\"container\">\n\t\t\t\t\t<div class=\"e-con-inner\">\n\t\t\t\t<div class=\"elementor-element elementor-element-bc39ff7 animated-fast elementor-invisible elementor-widget elementor-widget-heading\" data-id=\"bc39ff7\" data-element_type=\"widget\" data-e-type=\"widget\" data-settings=\"{&quot;_animation&quot;:&quot;fadeInUp&quot;}\" data-widget_type=\"heading.default\">\n\t\t\t\t<div class=\"elementor-widget-container\">\n\t\t\t\t\t<h2 class=\"elementor-heading-title elementor-size-default\">Privacy Policy \n<\/h2>\t\t\t\t<\/div>\n\t\t\t\t<\/div>\n\t\t\t\t\t<\/div>\n\t\t\t\t<\/div>\n\t\t<div class=\"elementor-element elementor-element-04c1975 e-flex e-con-boxed e-con e-parent\" data-id=\"04c1975\" data-element_type=\"container\" data-e-type=\"container\">\n\t\t\t\t\t<div class=\"e-con-inner\">\n\t\t\t\t<div class=\"elementor-element elementor-element-cf2c34a elementor-widget elementor-widget-text-editor\" data-id=\"cf2c34a\" data-element_type=\"widget\" data-e-type=\"widget\" data-widget_type=\"text-editor.default\">\n\t\t\t\t<div class=\"elementor-widget-container\">\n\t\t\t\t\t\t\t\t\t<p>EZ TRANS is committed to ensuring absolute security for the personal information and transaction data provided by customers. Every step of our operations complies with international security standards to bring you complete trust and peace of mind.<\/p>\t\t\t\t\t\t\t\t<\/div>\n\t\t\t\t<\/div>\n\t\t\t\t<div class=\"elementor-element elementor-element-770c169 elementor-widget elementor-widget-spacer\" data-id=\"770c169\" data-element_type=\"widget\" data-e-type=\"widget\" data-widget_type=\"spacer.default\">\n\t\t\t\t<div class=\"elementor-widget-container\">\n\t\t\t\t\t\t\t<div class=\"elementor-spacer\">\n\t\t\t<div class=\"elementor-spacer-inner\"><\/div>\n\t\t<\/div>\n\t\t\t\t\t\t<\/div>\n\t\t\t\t<\/div>\n\t\t\t\t\t<\/div>\n\t\t\t\t<\/div>\n\t\t<div class=\"elementor-element elementor-element-30f29dd e-flex e-con-boxed e-con e-parent\" data-id=\"30f29dd\" data-element_type=\"container\" data-e-type=\"container\">\n\t\t\t\t\t<div class=\"e-con-inner\">\n\t\t\t\t<div class=\"elementor-element elementor-element-a593387 elementor-widget elementor-widget-heading\" data-id=\"a593387\" data-element_type=\"widget\" data-e-type=\"widget\" data-widget_type=\"heading.default\">\n\t\t\t\t<div class=\"elementor-widget-container\">\n\t\t\t\t\t<h2 class=\"elementor-heading-title elementor-size-default\">1. Scope of Information Collection \n<\/h2>\t\t\t\t<\/div>\n\t\t\t\t<\/div>\n\t\t\t\t<div class=\"elementor-element elementor-element-4cb57cd elementor-widget elementor-widget-text-editor\" data-id=\"4cb57cd\" data-element_type=\"widget\" data-e-type=\"widget\" data-widget_type=\"text-editor.default\">\n\t\t\t\t<div class=\"elementor-widget-container\">\n\t\t\t\t\t\t\t\t\t<p data-start=\"636\" data-end=\"745\">We only collect necessary information to support the shipping process and assist customers, including:<\/p><ul data-start=\"746\" data-end=\"951\"><li data-start=\"746\" data-end=\"805\"><p data-start=\"748\" data-end=\"805\">Personal identification information (full name, email, phone number)<\/p><\/li><li data-start=\"806\" data-end=\"867\"><p data-start=\"808\" data-end=\"867\">Business information (company name, tax code, address)<\/p><\/li><li data-start=\"868\" data-end=\"951\"><p data-start=\"870\" data-end=\"951\">Order information, waybill details, and access data used to optimize service analysis.<\/p><\/li><\/ul>\t\t\t\t\t\t\t\t<\/div>\n\t\t\t\t<\/div>\n\t\t\t\t\t<\/div>\n\t\t\t\t<\/div>\n\t\t<div class=\"elementor-element elementor-element-41221af e-flex e-con-boxed e-con e-parent\" data-id=\"41221af\" data-element_type=\"container\" data-e-type=\"container\">\n\t\t\t\t\t<div class=\"e-con-inner\">\n\t\t\t\t<div class=\"elementor-element elementor-element-d46c641 elementor-widget elementor-widget-spacer\" data-id=\"d46c641\" data-element_type=\"widget\" data-e-type=\"widget\" data-widget_type=\"spacer.default\">\n\t\t\t\t<div class=\"elementor-widget-container\">\n\t\t\t\t\t\t\t<div class=\"elementor-spacer\">\n\t\t\t<div class=\"elementor-spacer-inner\"><\/div>\n\t\t<\/div>\n\t\t\t\t\t\t<\/div>\n\t\t\t\t<\/div>\n\t\t\t\t\t<\/div>\n\t\t\t\t<\/div>\n\t\t<div class=\"elementor-element elementor-element-520aba6 animated-fast e-flex e-con-boxed elementor-invisible e-con e-parent\" data-id=\"520aba6\" data-element_type=\"container\" data-e-type=\"container\" data-settings=\"{&quot;animation&quot;:&quot;fadeIn&quot;}\">\n\t\t\t\t\t<div class=\"e-con-inner\">\n\t\t<div class=\"elementor-element elementor-element-d8679f1 e-con-full e-flex e-con e-child\" data-id=\"d8679f1\" data-element_type=\"container\" data-e-type=\"container\" data-settings=\"{&quot;background_background&quot;:&quot;classic&quot;}\">\n\t\t\t\t<div class=\"elementor-element elementor-element-210491a elementor-widget elementor-widget-text-editor\" data-id=\"210491a\" data-element_type=\"widget\" data-e-type=\"widget\" data-widget_type=\"text-editor.default\">\n\t\t\t\t<div class=\"elementor-widget-container\">\n\t\t\t\t\t\t\t\t\t<p>No Unauthorized Sharing<\/p>\t\t\t\t\t\t\t\t<\/div>\n\t\t\t\t<\/div>\n\t\t\t\t<div class=\"elementor-element elementor-element-377ef70 elementor-widget elementor-widget-text-editor\" data-id=\"377ef70\" data-element_type=\"widget\" data-e-type=\"widget\" data-widget_type=\"text-editor.default\">\n\t\t\t\t<div class=\"elementor-widget-container\">\n\t\t\t\t\t\t\t\t\t<p>EZ TRANS absolutely does not sell, exchange, or share customer data with any third party without your explicit consent.<\/p>\t\t\t\t\t\t\t\t<\/div>\n\t\t\t\t<\/div>\n\t\t\t\t<\/div>\n\t\t<div class=\"elementor-element elementor-element-817705d e-con-full e-flex e-con e-child\" data-id=\"817705d\" data-element_type=\"container\" data-e-type=\"container\" data-settings=\"{&quot;background_background&quot;:&quot;classic&quot;}\">\n\t\t\t\t<div class=\"elementor-element elementor-element-1025537 elementor-widget elementor-widget-text-editor\" data-id=\"1025537\" data-element_type=\"widget\" data-e-type=\"widget\" data-widget_type=\"text-editor.default\">\n\t\t\t\t<div class=\"elementor-widget-container\">\n\t\t\t\t\t\t\t\t\tEncrypted &amp; Strictly Protected Data\n \t\t\t\t\t\t\t\t<\/div>\n\t\t\t\t<\/div>\n\t\t\t\t<div class=\"elementor-element elementor-element-84a0282 elementor-widget elementor-widget-text-editor\" data-id=\"84a0282\" data-element_type=\"widget\" data-e-type=\"widget\" data-widget_type=\"text-editor.default\">\n\t\t\t\t<div class=\"elementor-widget-container\">\n\t\t\t\t\t\t\t\t\t<p>All personal and transaction information is encrypted and stored on systems with firewalls, SSL certificates, and multi-layered security.<\/p>\t\t\t\t\t\t\t\t<\/div>\n\t\t\t\t<\/div>\n\t\t\t\t<\/div>\n\t\t\t\t\t<\/div>\n\t\t\t\t<\/div>\n\t\t<div class=\"elementor-element elementor-element-29b4807 animated-fast e-flex e-con-boxed elementor-invisible e-con e-parent\" data-id=\"29b4807\" data-element_type=\"container\" data-e-type=\"container\" data-settings=\"{&quot;animation&quot;:&quot;fadeIn&quot;}\">\n\t\t\t\t\t<div class=\"e-con-inner\">\n\t\t<div class=\"elementor-element elementor-element-a949974 e-con-full e-flex e-con e-child\" data-id=\"a949974\" data-element_type=\"container\" data-e-type=\"container\" data-settings=\"{&quot;background_background&quot;:&quot;classic&quot;}\">\n\t\t\t\t<div class=\"elementor-element elementor-element-8bcdedf elementor-widget elementor-widget-text-editor\" data-id=\"8bcdedf\" data-element_type=\"widget\" data-e-type=\"widget\" data-widget_type=\"text-editor.default\">\n\t\t\t\t<div class=\"elementor-widget-container\">\n\t\t\t\t\t\t\t\t\tControlled Access &amp; Clear Permissions\n \t\t\t\t\t\t\t\t<\/div>\n\t\t\t\t<\/div>\n\t\t\t\t<div class=\"elementor-element elementor-element-a335604 elementor-widget elementor-widget-text-editor\" data-id=\"a335604\" data-element_type=\"widget\" data-e-type=\"widget\" data-widget_type=\"text-editor.default\">\n\t\t\t\t<div class=\"elementor-widget-container\">\n\t\t\t\t\t\t\t\t\t<p>Only authorized personnel have access to customer information. We monitor all access activities to ensure absolute security.<\/p>\t\t\t\t\t\t\t\t<\/div>\n\t\t\t\t<\/div>\n\t\t\t\t<\/div>\n\t\t<div class=\"elementor-element elementor-element-531a0eb e-con-full e-flex e-con e-child\" data-id=\"531a0eb\" data-element_type=\"container\" data-e-type=\"container\" data-settings=\"{&quot;background_background&quot;:&quot;classic&quot;}\">\n\t\t\t\t<div class=\"elementor-element elementor-element-15cec7e elementor-widget elementor-widget-text-editor\" data-id=\"15cec7e\" data-element_type=\"widget\" data-e-type=\"widget\" data-widget_type=\"text-editor.default\">\n\t\t\t\t<div class=\"elementor-widget-container\">\n\t\t\t\t\t\t\t\t\tYou Have Full Control Over Your Information\n \t\t\t\t\t\t\t\t<\/div>\n\t\t\t\t<\/div>\n\t\t\t\t<div class=\"elementor-element elementor-element-654e212 elementor-widget elementor-widget-text-editor\" data-id=\"654e212\" data-element_type=\"widget\" data-e-type=\"widget\" data-widget_type=\"text-editor.default\">\n\t\t\t\t<div class=\"elementor-widget-container\">\n\t\t\t\t\t\t\t\t\t<p>Customers can request to view, modify, or delete their data at any time. EZ TRANS always respects and protects your privacy rights.<\/p>\t\t\t\t\t\t\t\t<\/div>\n\t\t\t\t<\/div>\n\t\t\t\t<\/div>\n\t\t\t\t\t<\/div>\n\t\t\t\t<\/div>\n\t\t<div class=\"elementor-element elementor-element-6e18a1e e-flex e-con-boxed e-con e-parent\" data-id=\"6e18a1e\" data-element_type=\"container\" data-e-type=\"container\">\n\t\t\t\t\t<div class=\"e-con-inner\">\n\t\t\t\t<div class=\"elementor-element elementor-element-e05c3b1 elementor-widget elementor-widget-spacer\" data-id=\"e05c3b1\" data-element_type=\"widget\" data-e-type=\"widget\" data-widget_type=\"spacer.default\">\n\t\t\t\t<div class=\"elementor-widget-container\">\n\t\t\t\t\t\t\t<div class=\"elementor-spacer\">\n\t\t\t<div class=\"elementor-spacer-inner\"><\/div>\n\t\t<\/div>\n\t\t\t\t\t\t<\/div>\n\t\t\t\t<\/div>\n\t\t\t\t\t<\/div>\n\t\t\t\t<\/div>\n\t\t<div class=\"elementor-element elementor-element-4ff04c8 e-flex e-con-boxed e-con e-parent\" data-id=\"4ff04c8\" data-element_type=\"container\" data-e-type=\"container\">\n\t\t\t\t\t<div class=\"e-con-inner\">\n\t\t\t\t<div class=\"elementor-element elementor-element-f3a2e37 elementor-widget elementor-widget-heading\" data-id=\"f3a2e37\" data-element_type=\"widget\" data-e-type=\"widget\" data-widget_type=\"heading.default\">\n\t\t\t\t<div class=\"elementor-widget-container\">\n\t\t\t\t\t<h2 class=\"elementor-heading-title elementor-size-default\">2. Purpose of Information Use\n<\/h2>\t\t\t\t<\/div>\n\t\t\t\t<\/div>\n\t\t\t\t\t<\/div>\n\t\t\t\t<\/div>\n\t\t<div class=\"elementor-element elementor-element-31ac1b6 e-flex e-con-boxed e-con e-parent\" data-id=\"31ac1b6\" data-element_type=\"container\" data-e-type=\"container\">\n\t\t\t\t\t<div class=\"e-con-inner\">\n\t\t\t\t<div class=\"elementor-element elementor-element-0deb5f0 elementor-widget elementor-widget-text-editor\" data-id=\"0deb5f0\" data-element_type=\"widget\" data-e-type=\"widget\" data-widget_type=\"text-editor.default\">\n\t\t\t\t<div class=\"elementor-widget-container\">\n\t\t\t\t\t\t\t\t\t<p data-start=\"998\" data-end=\"1041\">EZ TRANS uses user information to:<\/p><ul data-start=\"1042\" data-end=\"1228\"><li data-start=\"1042\" data-end=\"1088\"><p data-start=\"1044\" data-end=\"1088\">Communicate and provide services as requested<\/p><\/li><li data-start=\"1089\" data-end=\"1126\"><p data-start=\"1091\" data-end=\"1126\">Optimize user experience<\/p><\/li><li data-start=\"1127\" data-end=\"1177\"><p data-start=\"1129\" data-end=\"1177\">Update order status, provide consultation &amp; quotations<\/p><\/li><li data-start=\"1178\" data-end=\"1228\"><p data-start=\"1180\" data-end=\"1228\">Send promotional information with customer consent\u00a0<\/p><\/li><\/ul>\t\t\t\t\t\t\t\t<\/div>\n\t\t\t\t<\/div>\n\t\t\t\t\t<\/div>\n\t\t\t\t<\/div>\n\t\t<div class=\"elementor-element elementor-element-c876146 e-flex e-con-boxed e-con e-parent\" data-id=\"c876146\" data-element_type=\"container\" data-e-type=\"container\">\n\t\t\t\t\t<div class=\"e-con-inner\">\n\t\t\t\t<div class=\"elementor-element elementor-element-a649610 elementor-widget elementor-widget-spacer\" data-id=\"a649610\" data-element_type=\"widget\" data-e-type=\"widget\" data-widget_type=\"spacer.default\">\n\t\t\t\t<div class=\"elementor-widget-container\">\n\t\t\t\t\t\t\t<div class=\"elementor-spacer\">\n\t\t\t<div class=\"elementor-spacer-inner\"><\/div>\n\t\t<\/div>\n\t\t\t\t\t\t<\/div>\n\t\t\t\t<\/div>\n\t\t\t\t\t<\/div>\n\t\t\t\t<\/div>\n\t\t<div class=\"elementor-element elementor-element-a161e80 e-flex e-con-boxed e-con e-parent\" data-id=\"a161e80\" data-element_type=\"container\" data-e-type=\"container\">\n\t\t\t\t\t<div class=\"e-con-inner\">\n\t\t\t\t<div class=\"elementor-element elementor-element-47343f8 elementor-widget elementor-widget-heading\" data-id=\"47343f8\" data-element_type=\"widget\" data-e-type=\"widget\" data-widget_type=\"heading.default\">\n\t\t\t\t<div class=\"elementor-widget-container\">\n\t\t\t\t\t<h2 class=\"elementor-heading-title elementor-size-default\">3. Scope of Information Use\n<\/h2>\t\t\t\t<\/div>\n\t\t\t\t<\/div>\n\t\t\t\t<div class=\"elementor-element elementor-element-5f98267 elementor-widget elementor-widget-text-editor\" data-id=\"5f98267\" data-element_type=\"widget\" data-e-type=\"widget\" data-widget_type=\"text-editor.default\">\n\t\t\t\t<div class=\"elementor-widget-container\">\n\t\t\t\t\t\t\t\t\t<p data-start=\"1275\" data-end=\"1484\">All data is stored on a highly secure platform with firewalls, SSL encryption, and clear access permissions. EZ TRANS does not share your data with any third party without explicit consent.<\/p>\t\t\t\t\t\t\t\t<\/div>\n\t\t\t\t<\/div>\n\t\t\t\t\t<\/div>\n\t\t\t\t<\/div>\n\t\t<div class=\"elementor-element elementor-element-9642b4e e-flex e-con-boxed e-con e-parent\" data-id=\"9642b4e\" data-element_type=\"container\" data-e-type=\"container\">\n\t\t\t\t\t<div class=\"e-con-inner\">\n\t\t\t\t<div class=\"elementor-element elementor-element-938dad0 elementor-widget elementor-widget-spacer\" data-id=\"938dad0\" data-element_type=\"widget\" data-e-type=\"widget\" data-widget_type=\"spacer.default\">\n\t\t\t\t<div class=\"elementor-widget-container\">\n\t\t\t\t\t\t\t<div class=\"elementor-spacer\">\n\t\t\t<div class=\"elementor-spacer-inner\"><\/div>\n\t\t<\/div>\n\t\t\t\t\t\t<\/div>\n\t\t\t\t<\/div>\n\t\t\t\t\t<\/div>\n\t\t\t\t<\/div>\n\t\t<div class=\"elementor-element elementor-element-c3b6de0 e-flex e-con-boxed e-con e-parent\" data-id=\"c3b6de0\" data-element_type=\"container\" data-e-type=\"container\">\n\t\t\t\t\t<div class=\"e-con-inner\">\n\t\t\t\t<div class=\"elementor-element elementor-element-a4b8668 elementor-widget elementor-widget-heading\" data-id=\"a4b8668\" data-element_type=\"widget\" data-e-type=\"widget\" data-widget_type=\"heading.default\">\n\t\t\t\t<div class=\"elementor-widget-container\">\n\t\t\t\t\t<h2 class=\"elementor-heading-title elementor-size-default\">4. Customer Rights\n<\/h2>\t\t\t\t<\/div>\n\t\t\t\t<\/div>\n\t\t\t\t<div class=\"elementor-element elementor-element-165fbee elementor-widget elementor-widget-text-editor\" data-id=\"165fbee\" data-element_type=\"widget\" data-e-type=\"widget\" data-widget_type=\"text-editor.default\">\n\t\t\t\t<div class=\"elementor-widget-container\">\n\t\t\t\t\t\t\t\t\t<p data-start=\"1525\" data-end=\"1691\" class=\"translation-block\">Customers have the right to request access, correction, or deletion of their personal data at any time by contacting our Customer Service department via email: info@eztrans.vn.<\/p>\t\t\t\t\t\t\t\t<\/div>\n\t\t\t\t<\/div>\n\t\t\t\t\t<\/div>\n\t\t\t\t<\/div>\n\t\t<div class=\"elementor-element elementor-element-f1816e8 e-flex e-con-boxed e-con e-parent\" data-id=\"f1816e8\" data-element_type=\"container\" data-e-type=\"container\">\n\t\t\t\t\t<div class=\"e-con-inner\">\n\t\t\t\t<div class=\"elementor-element elementor-element-ebfc401 elementor-widget elementor-widget-spacer\" data-id=\"ebfc401\" data-element_type=\"widget\" data-e-type=\"widget\" data-widget_type=\"spacer.default\">\n\t\t\t\t<div class=\"elementor-widget-container\">\n\t\t\t\t\t\t\t<div class=\"elementor-spacer\">\n\t\t\t<div class=\"elementor-spacer-inner\"><\/div>\n\t\t<\/div>\n\t\t\t\t\t\t<\/div>\n\t\t\t\t<\/div>\n\t\t\t\t\t<\/div>\n\t\t\t\t<\/div>\n\t\t\t\t<\/div>","protected":false},"excerpt":{"rendered":"<p>Ch\u00ednh S\u00e1ch B\u1ea3o M\u1eadt EZ TRANS cam k\u1ebft \u0111\u1ea3m b\u1ea3o an to\u00e0n tuy\u1ec7t \u0111\u1ed1i cho th\u00f4ng tin c\u00e1 nh\u00e2n v\u00e0 d\u1eef li\u1ec7u giao d\u1ecbch m\u00e0 kh\u00e1ch h\u00e0ng cung c\u1ea5p. M\u1ed7i b\u01b0\u1edbc v\u1eadn h\u00e0nh c\u1ee7a ch\u00fang t\u00f4i \u0111\u1ec1u tu\u00e2n th\u1ee7 quy chu\u1ea9n b\u1ea3o m\u1eadt qu\u1ed1c t\u1ebf, nh\u1eb1m mang l\u1ea1i s\u1ef1 tin t\u01b0\u1edfng v\u00e0 an t\u00e2m tuy\u1ec7t&#8230;<\/p>","protected":false},"author":1,"featured_media":0,"parent":0,"menu_order":0,"comment_status":"closed","ping_status":"closed","template":"","meta":{"_kad_post_transparent":"","_kad_post_title":"hide","_kad_post_layout":"fullwidth","_kad_post_sidebar_id":"","_kad_post_content_style":"unboxed","_kad_post_vertical_padding":"hide","_kad_post_feature":"hide","_kad_post_feature_position":"","_kad_post_header":false,"_kad_post_footer":false,"_kad_post_classname":"","footnotes":""},"class_list":["post-44","page","type-page","status-publish","hentry"],"_links":{"self":[{"href":"https:\/\/eztrans.vn\/en\/wp-json\/wp\/v2\/pages\/44","targetHints":{"allow":["GET"]}}],"collection":[{"href":"https:\/\/eztrans.vn\/en\/wp-json\/wp\/v2\/pages"}],"about":[{"href":"https:\/\/eztrans.vn\/en\/wp-json\/wp\/v2\/types\/page"}],"author":[{"embeddable":true,"href":"https:\/\/eztrans.vn\/en\/wp-json\/wp\/v2\/users\/1"}],"replies":[{"embeddable":true,"href":"https:\/\/eztrans.vn\/en\/wp-json\/wp\/v2\/comments?post=44"}],"version-history":[{"count":73,"href":"https:\/\/eztrans.vn\/en\/wp-json\/wp\/v2\/pages\/44\/revisions"}],"predecessor-version":[{"id":2837,"href":"https:\/\/eztrans.vn\/en\/wp-json\/wp\/v2\/pages\/44\/revisions\/2837"}],"wp:attachment":[{"href":"https:\/\/eztrans.vn\/en\/wp-json\/wp\/v2\/media?parent=44"}],"curies":[{"name":"wp","href":"https:\/\/api.w.org\/{rel}","templated":true}]}}