{"id":48,"date":"2025-05-16T23:39:57","date_gmt":"2025-05-16T23:39:57","guid":{"rendered":"https:\/\/eztrans.vn\/?page_id=48"},"modified":"2025-05-25T07:16:45","modified_gmt":"2025-05-25T07:16:45","slug":"cam-ket-bao-hanh-xu-ly-hang-hoa","status":"publish","type":"page","link":"https:\/\/eztrans.vn\/en\/cam-ket-bao-hanh-xu-ly-hang-hoa\/","title":{"rendered":"Cam K\u1ebft B\u1ea3o H\u00e0nh &amp; X\u1eed L\u00fd H\u00e0ng H\u00f3a"},"content":{"rendered":"<div data-elementor-type=\"wp-page\" data-elementor-id=\"48\" class=\"elementor elementor-48\" data-elementor-post-type=\"page\">\n\t\t\t\t<div class=\"elementor-element elementor-element-d32f1ae e-flex e-con-boxed e-con e-parent\" data-id=\"d32f1ae\" data-element_type=\"container\" data-e-type=\"container\">\n\t\t\t\t\t<div class=\"e-con-inner\">\n\t\t\t\t<div class=\"elementor-element elementor-element-0ca1999 elementor-widget elementor-widget-spacer\" data-id=\"0ca1999\" data-element_type=\"widget\" data-e-type=\"widget\" data-widget_type=\"spacer.default\">\n\t\t\t\t<div class=\"elementor-widget-container\">\n\t\t\t\t\t\t\t<div class=\"elementor-spacer\">\n\t\t\t<div class=\"elementor-spacer-inner\"><\/div>\n\t\t<\/div>\n\t\t\t\t\t\t<\/div>\n\t\t\t\t<\/div>\n\t\t\t\t\t<\/div>\n\t\t\t\t<\/div>\n\t\t<div class=\"elementor-element elementor-element-f0f1f7d e-flex e-con-boxed e-con e-parent\" data-id=\"f0f1f7d\" data-element_type=\"container\" data-e-type=\"container\">\n\t\t\t\t\t<div class=\"e-con-inner\">\n\t\t\t\t<div class=\"elementor-element elementor-element-535cf80 animated-fast elementor-invisible elementor-widget elementor-widget-heading\" data-id=\"535cf80\" data-element_type=\"widget\" data-e-type=\"widget\" data-settings=\"{&quot;_animation&quot;:&quot;fadeInUp&quot;}\" data-widget_type=\"heading.default\">\n\t\t\t\t<div class=\"elementor-widget-container\">\n\t\t\t\t\t<h2 class=\"elementor-heading-title elementor-size-default\">Cam K\u1ebft B\u1ea3o H\u00e0nh &amp; X\u1eed L\u00fd H\u00e0ng H\u00f3a\n<\/h2>\t\t\t\t<\/div>\n\t\t\t\t<\/div>\n\t\t\t\t<div class=\"elementor-element elementor-element-6175b8d premium-mouse-detect-yes premium-lq__none elementor-widget elementor-widget-premium-addon-button\" data-id=\"6175b8d\" data-element_type=\"widget\" data-e-type=\"widget\" data-no-translation=\"\" data-widget_type=\"premium-addon-button.default\">\n\t\t\t\t<div class=\"elementor-widget-container\">\n\t\t\t\t\t<style>.elementor-element-6175b8d{display:none !important}<\/style>\t\t\t\t<\/div>\n\t\t\t\t<\/div>\n\t\t\t\t<div class=\"elementor-element elementor-element-aa7ed81 premium-mouse-detect-yes premium-lq__none elementor-widget elementor-widget-premium-addon-button\" data-id=\"aa7ed81\" data-element_type=\"widget\" data-e-type=\"widget\" data-no-translation=\"\" data-widget_type=\"premium-addon-button.default\">\n\t\t\t\t<div class=\"elementor-widget-container\">\n\t\t\t\t\t\n\n\t\t<a class=\"premium-button premium-button-style6 premium-btn-lg premium-button-style6\" href=\"https:\/\/eztrans.vn\/wp-content\/uploads\/2025\/05\/Warranty-Cargo-Handling-Commitment.pdf\" download=\"Warranty &amp; Cargo Handling Commitment\">\n\t\t\t<div class=\"premium-button-text-icon-wrapper\">\n\t\t\t\t\n\t\t\t\t\t\t\t\t\t<span >\n\t\t\t\t\t\tDownload Commitment\t\t\t\t\t<\/span>\n\t\t\t\t\t\t\t<\/div>\n\n\t\t\t\n\t\t\t\t\t\t\t<span class=\"premium-button-style6-bg\"><\/span>\n\t\t\t\n\t\t\t\n\t\t<\/a>\n\n\n\t\t\t\t\t\t<\/div>\n\t\t\t\t<\/div>\n\t\t\t\t<div class=\"elementor-element elementor-element-ba6e8b7 elementor-widget elementor-widget-ucaddon_pdf_viewer\" data-id=\"ba6e8b7\" data-element_type=\"widget\" data-e-type=\"widget\" data-no-translation=\"\" data-widget_type=\"ucaddon_pdf_viewer.default\">\n\t\t\t\t<div class=\"elementor-widget-container\">\n\t\t\t\t\t<style>.elementor-element-ba6e8b7{display:none !important}<\/style>\t\t\t\t<\/div>\n\t\t\t\t<\/div>\n\t\t\t\t<div class=\"elementor-element elementor-element-03486ba elementor-widget elementor-widget-ucaddon_pdf_viewer\" data-id=\"03486ba\" data-element_type=\"widget\" data-e-type=\"widget\" data-no-translation=\"\" data-widget_type=\"ucaddon_pdf_viewer.default\">\n\t\t\t\t<div class=\"elementor-widget-container\">\n\t\t\t\t\t\n<!-- start PDF Viewer -->\n<style>\/* widget: PDF Viewer *\/\n\n#uc_pdf_viewer_elementor_03486ba{\n  min-height: 1px;\n}\n\n#uc_pdf_viewer_elementor_03486ba .ue-pdf-viewer-nav-buttons{\n  display: flex;\n}\n\n#uc_pdf_viewer_elementor_03486ba .ue-pdf-viewer-nav-arrow{\n  display: inline-flex;\n  align-items: center;\n  justify-content: center;\n  cursor: pointer;\n}\n\n#uc_pdf_viewer_elementor_03486ba .ue-pdf-viewer-nav-arrow-icon{\n  display: flex;\n  align-items: center;\n  justify-content: center;\n}\n\n#uc_pdf_viewer_elementor_03486ba .ue-pdf-viewer-nav{\n  display: flex;\n}\n\n#uc_pdf_viewer_elementor_03486ba .ue-pdf-viewer-fullscreen{\n  display: inline-block;\n  transition: all .3s ease;\n}\n\n<\/style>\n\n\n<div id=\"uc_pdf_viewer_elementor_03486ba\" class=\"ue-pdf-viewer\">\n  \n       \n  \n      \t  \t  \n  \n  \t\t<iframe src=\"https:\/\/eztrans.vn\/wp-content\/uploads\/2025\/05\/Warranty-Cargo-Handling-Commitment.pdf\" width=\"100%\" height=\"600px\"><\/iframe>\n  \t<\/div>\n\n<script type=\"module\">\n\n<\/script>\n<!-- end PDF Viewer -->\t\t\t\t<\/div>\n\t\t\t\t<\/div>\n\t\t\t\t\t<\/div>\n\t\t\t\t<\/div>\n\t\t<div class=\"elementor-element elementor-element-d717164 e-flex e-con-boxed e-con e-parent\" data-id=\"d717164\" data-element_type=\"container\" data-e-type=\"container\">\n\t\t\t\t\t<div class=\"e-con-inner\">\n\t\t\t\t<div class=\"elementor-element elementor-element-1b13a98 elementor-widget elementor-widget-spacer\" data-id=\"1b13a98\" data-element_type=\"widget\" data-e-type=\"widget\" data-widget_type=\"spacer.default\">\n\t\t\t\t<div class=\"elementor-widget-container\">\n\t\t\t\t\t\t\t<div class=\"elementor-spacer\">\n\t\t\t<div class=\"elementor-spacer-inner\"><\/div>\n\t\t<\/div>\n\t\t\t\t\t\t<\/div>\n\t\t\t\t<\/div>\n\t\t\t\t\t<\/div>\n\t\t\t\t<\/div>\n\t\t\t\t<\/div>","protected":false},"excerpt":{"rendered":"<p>Cam K\u1ebft B\u1ea3o H\u00e0nh &#038; X\u1eed L\u00fd H\u00e0ng H\u00f3a Download Cam K\u1ebft<\/p>","protected":false},"author":1,"featured_media":0,"parent":0,"menu_order":0,"comment_status":"closed","ping_status":"closed","template":"","meta":{"_kad_post_transparent":"","_kad_post_title":"hide","_kad_post_layout":"fullwidth","_kad_post_sidebar_id":"","_kad_post_content_style":"unboxed","_kad_post_vertical_padding":"hide","_kad_post_feature":"hide","_kad_post_feature_position":"","_kad_post_header":false,"_kad_post_footer":false,"_kad_post_classname":"","footnotes":""},"class_list":["post-48","page","type-page","status-publish","hentry"],"_links":{"self":[{"href":"https:\/\/eztrans.vn\/en\/wp-json\/wp\/v2\/pages\/48","targetHints":{"allow":["GET"]}}],"collection":[{"href":"https:\/\/eztrans.vn\/en\/wp-json\/wp\/v2\/pages"}],"about":[{"href":"https:\/\/eztrans.vn\/en\/wp-json\/wp\/v2\/types\/page"}],"author":[{"embeddable":true,"href":"https:\/\/eztrans.vn\/en\/wp-json\/wp\/v2\/users\/1"}],"replies":[{"embeddable":true,"href":"https:\/\/eztrans.vn\/en\/wp-json\/wp\/v2\/comments?post=48"}],"version-history":[{"count":64,"href":"https:\/\/eztrans.vn\/en\/wp-json\/wp\/v2\/pages\/48\/revisions"}],"predecessor-version":[{"id":2843,"href":"https:\/\/eztrans.vn\/en\/wp-json\/wp\/v2\/pages\/48\/revisions\/2843"}],"wp:attachment":[{"href":"https:\/\/eztrans.vn\/en\/wp-json\/wp\/v2\/media?parent=48"}],"curies":[{"name":"wp","href":"https:\/\/api.w.org\/{rel}","templated":true}]}}