{"id":50,"date":"2025-05-16T23:40:18","date_gmt":"2025-05-16T23:40:18","guid":{"rendered":"https:\/\/eztrans.vn\/?page_id=50"},"modified":"2025-05-25T07:23:31","modified_gmt":"2025-05-25T07:23:31","slug":"dieu-khoan-thanh-toan-huy-dich-vu","status":"publish","type":"page","link":"https:\/\/eztrans.vn\/en\/dieu-khoan-thanh-toan-huy-dich-vu\/","title":{"rendered":"\u0110i\u1ec1u Kho\u1ea3n Thanh To\u00e1n &amp; H\u1ee7y D\u1ecbch V\u1ee5"},"content":{"rendered":"<div data-elementor-type=\"wp-page\" data-elementor-id=\"50\" class=\"elementor elementor-50\" data-elementor-post-type=\"page\">\n\t\t\t\t<div class=\"elementor-element elementor-element-9b3bc04 e-flex e-con-boxed e-con e-parent\" data-id=\"9b3bc04\" data-element_type=\"container\" data-e-type=\"container\" data-settings=\"{&quot;background_background&quot;:&quot;classic&quot;}\">\n\t\t\t\t\t<div class=\"e-con-inner\">\n\t\t\t\t<div class=\"elementor-element elementor-element-6c2dd28 animated-fast elementor-invisible elementor-widget elementor-widget-heading\" data-id=\"6c2dd28\" data-element_type=\"widget\" data-e-type=\"widget\" data-settings=\"{&quot;_animation&quot;:&quot;fadeInUp&quot;}\" data-widget_type=\"heading.default\">\n\t\t\t\t<div class=\"elementor-widget-container\">\n\t\t\t\t\t<h2 class=\"elementor-heading-title elementor-size-default\">\u0110i\u1ec1u Kho\u1ea3n Thanh To\u00e1n &amp; H\u1ee7y D\u1ecbch V\u1ee5\n<\/h2>\t\t\t\t<\/div>\n\t\t\t\t<\/div>\n\t\t\t\t\t<\/div>\n\t\t\t\t<\/div>\n\t\t<div class=\"elementor-element elementor-element-679c3d7 e-flex e-con-boxed e-con e-parent\" data-id=\"679c3d7\" data-element_type=\"container\" data-e-type=\"container\">\n\t\t\t\t\t<div class=\"e-con-inner\">\n\t\t\t\t<div class=\"elementor-element elementor-element-79951f2 elementor-widget elementor-widget-spacer\" data-id=\"79951f2\" data-element_type=\"widget\" data-e-type=\"widget\" data-widget_type=\"spacer.default\">\n\t\t\t\t<div class=\"elementor-widget-container\">\n\t\t\t\t\t\t\t<div class=\"elementor-spacer\">\n\t\t\t<div class=\"elementor-spacer-inner\"><\/div>\n\t\t<\/div>\n\t\t\t\t\t\t<\/div>\n\t\t\t\t<\/div>\n\t\t\t\t\t<\/div>\n\t\t\t\t<\/div>\n\t\t<div class=\"elementor-element elementor-element-7cfd97d e-flex e-con-boxed e-con e-parent\" data-id=\"7cfd97d\" data-element_type=\"container\" data-e-type=\"container\">\n\t\t\t\t\t<div class=\"e-con-inner\">\n\t\t\t\t<div class=\"elementor-element elementor-element-d14ef86 elementor-widget elementor-widget-text-editor\" data-id=\"d14ef86\" data-element_type=\"widget\" data-e-type=\"widget\" data-widget_type=\"text-editor.default\">\n\t\t\t\t<div class=\"elementor-widget-container\">\n\t\t\t\t\t\t\t\t\t<p><strong data-start=\"170\" data-end=\"207\">Transparency \u2013 Speed \u2013 Fairness<\/strong><br data-start=\"207\" data-end=\"210\" \/>EZ TRANS is committed to providing a clear, fair, and streamlined payment process and service cancellation policy that safeguards the interests of both parties.<\/p>\t\t\t\t\t\t\t\t<\/div>\n\t\t\t\t<\/div>\n\t\t\t\t\t<\/div>\n\t\t\t\t<\/div>\n\t\t<div class=\"elementor-element elementor-element-8116b6c e-flex e-con-boxed e-con e-parent\" data-id=\"8116b6c\" data-element_type=\"container\" data-e-type=\"container\">\n\t\t\t\t\t<div class=\"e-con-inner\">\n\t\t\t\t<div class=\"elementor-element elementor-element-cc3c43a elementor-widget elementor-widget-spacer\" data-id=\"cc3c43a\" data-element_type=\"widget\" data-e-type=\"widget\" data-widget_type=\"spacer.default\">\n\t\t\t\t<div class=\"elementor-widget-container\">\n\t\t\t\t\t\t\t<div class=\"elementor-spacer\">\n\t\t\t<div class=\"elementor-spacer-inner\"><\/div>\n\t\t<\/div>\n\t\t\t\t\t\t<\/div>\n\t\t\t\t<\/div>\n\t\t\t\t\t<\/div>\n\t\t\t\t<\/div>\n\t\t<div class=\"elementor-element elementor-element-7437670 e-flex e-con-boxed e-con e-parent\" data-id=\"7437670\" data-element_type=\"container\" data-e-type=\"container\">\n\t\t\t\t\t<div class=\"e-con-inner\">\n\t\t\t\t<div class=\"elementor-element elementor-element-0562e56 elementor-widget elementor-widget-heading\" data-id=\"0562e56\" data-element_type=\"widget\" data-e-type=\"widget\" data-widget_type=\"heading.default\">\n\t\t\t\t<div class=\"elementor-widget-container\">\n\t\t\t\t\t<h2 class=\"elementor-heading-title elementor-size-default\">1. Payment Methods\n<\/h2>\t\t\t\t<\/div>\n\t\t\t\t<\/div>\n\t\t\t\t<div class=\"elementor-element elementor-element-36b01dc elementor-widget elementor-widget-text-editor\" data-id=\"36b01dc\" data-element_type=\"widget\" data-e-type=\"widget\" data-widget_type=\"text-editor.default\">\n\t\t\t\t<div class=\"elementor-widget-container\">\n\t\t\t\t\t\t\t\t\t<p data-start=\"376\" data-end=\"444\">Customers may choose from the following payment methods:<\/p><ul data-start=\"445\" data-end=\"679\"><li data-start=\"445\" data-end=\"538\"><p data-start=\"447\" data-end=\"538\" class=\"translation-block\">Bank transfer using the account information provided in the quotation\/contract.<\/p><\/li><li data-start=\"539\" data-end=\"623\"><p data-start=\"541\" data-end=\"623\" class=\"translation-block\">Direct payment at the EZ TRANS office (for domestic customers).<\/p><\/li><li data-start=\"624\" data-end=\"679\"><p data-start=\"626\" data-end=\"679\" class=\"translation-block\">Scheduled payments for long-term service contracts.<\/p><\/li><\/ul><blockquote data-start=\"681\" data-end=\"784\"><p data-start=\"683\" data-end=\"784\">Payment must be made prior to delivery, unless otherwise agreed upon in writing. <strong data-start=\"713\" data-end=\"742\">tr\u01b0\u1edbc th\u1eddi \u0111i\u1ec3m giao h\u00e0ng<\/strong>, tr\u1eeb khi c\u00f3 th\u1ecfa thu\u1eadn kh\u00e1c b\u1eb1ng v\u0103n b\u1ea3n.<\/p><\/blockquote>\t\t\t\t\t\t\t\t<\/div>\n\t\t\t\t<\/div>\n\t\t\t\t\t<\/div>\n\t\t\t\t<\/div>\n\t\t<div class=\"elementor-element elementor-element-b75eac6 e-flex e-con-boxed e-con e-parent\" data-id=\"b75eac6\" data-element_type=\"container\" data-e-type=\"container\">\n\t\t\t\t\t<div class=\"e-con-inner\">\n\t\t\t\t<div class=\"elementor-element elementor-element-1935024 elementor-widget elementor-widget-spacer\" data-id=\"1935024\" data-element_type=\"widget\" data-e-type=\"widget\" data-widget_type=\"spacer.default\">\n\t\t\t\t<div class=\"elementor-widget-container\">\n\t\t\t\t\t\t\t<div class=\"elementor-spacer\">\n\t\t\t<div class=\"elementor-spacer-inner\"><\/div>\n\t\t<\/div>\n\t\t\t\t\t\t<\/div>\n\t\t\t\t<\/div>\n\t\t\t\t\t<\/div>\n\t\t\t\t<\/div>\n\t\t<div class=\"elementor-element elementor-element-e718073 e-flex e-con-boxed e-con e-parent\" data-id=\"e718073\" data-element_type=\"container\" data-e-type=\"container\">\n\t\t\t\t\t<div class=\"e-con-inner\">\n\t\t\t\t<div class=\"elementor-element elementor-element-4c63527 elementor-widget elementor-widget-heading\" data-id=\"4c63527\" data-element_type=\"widget\" data-e-type=\"widget\" data-widget_type=\"heading.default\">\n\t\t\t\t<div class=\"elementor-widget-container\">\n\t\t\t\t\t<h2 class=\"elementor-heading-title elementor-size-default\">2. Invoicing &amp; Transaction Confirmation\n<\/h2>\t\t\t\t<\/div>\n\t\t\t\t<\/div>\n\t\t\t\t<div class=\"elementor-element elementor-element-9c4deeb elementor-widget elementor-widget-text-editor\" data-id=\"9c4deeb\" data-element_type=\"widget\" data-e-type=\"widget\" data-widget_type=\"text-editor.default\">\n\t\t\t\t<div class=\"elementor-widget-container\">\n\t\t\t\t\t\t\t\t\t<ul><li data-start=\"844\" data-end=\"956\"><p data-start=\"846\" data-end=\"956\" class=\"translation-block\">Electronic or paper invoices will be issued within 3 business days after payment confirmation.<\/p><\/li><li data-start=\"957\" data-end=\"1039\"><p data-start=\"959\" data-end=\"1039\">Customers must provide complete invoicing details to ensure legal compliance.<\/p><\/li><li data-start=\"1040\" data-end=\"1126\"><p data-start=\"1042\" data-end=\"1126\">All transactions will be confirmed via official email or valid invoice.<\/p><\/li><\/ul>\t\t\t\t\t\t\t\t<\/div>\n\t\t\t\t<\/div>\n\t\t\t\t\t<\/div>\n\t\t\t\t<\/div>\n\t\t<div class=\"elementor-element elementor-element-7d365de e-flex e-con-boxed e-con e-parent\" data-id=\"7d365de\" data-element_type=\"container\" data-e-type=\"container\">\n\t\t\t\t\t<div class=\"e-con-inner\">\n\t\t\t\t<div class=\"elementor-element elementor-element-be312fd elementor-widget elementor-widget-spacer\" data-id=\"be312fd\" data-element_type=\"widget\" data-e-type=\"widget\" data-widget_type=\"spacer.default\">\n\t\t\t\t<div class=\"elementor-widget-container\">\n\t\t\t\t\t\t\t<div class=\"elementor-spacer\">\n\t\t\t<div class=\"elementor-spacer-inner\"><\/div>\n\t\t<\/div>\n\t\t\t\t\t\t<\/div>\n\t\t\t\t<\/div>\n\t\t\t\t\t<\/div>\n\t\t\t\t<\/div>\n\t\t<div class=\"elementor-element elementor-element-705963a e-flex e-con-boxed e-con e-parent\" data-id=\"705963a\" data-element_type=\"container\" data-e-type=\"container\">\n\t\t\t\t\t<div class=\"e-con-inner\">\n\t\t\t\t<div class=\"elementor-element elementor-element-bea8c6b elementor-widget elementor-widget-heading\" data-id=\"bea8c6b\" data-element_type=\"widget\" data-e-type=\"widget\" data-widget_type=\"heading.default\">\n\t\t\t\t<div class=\"elementor-widget-container\">\n\t\t\t\t\t<h2 class=\"elementor-heading-title elementor-size-default\">3. Service Cancellation Policy\n<\/h2>\t\t\t\t<\/div>\n\t\t\t\t<\/div>\n\t\t\t\t<div class=\"elementor-element elementor-element-7422657 elementor-widget elementor-widget-text-editor\" data-id=\"7422657\" data-element_type=\"widget\" data-e-type=\"widget\" data-widget_type=\"text-editor.default\">\n\t\t\t\t<div class=\"elementor-widget-container\">\n\t\t\t\t\t\t\t\t\t<p data-start=\"1168\" data-end=\"1233\">Customers may request to cancel services under the following conditions:<\/p><ul><li data-start=\"1236\" data-end=\"1305\" class=\"translation-block\">Before cargo is handed over to the carrier: Free cancellation.<\/li><li data-start=\"1236\" data-end=\"1305\" class=\"translation-block\">After cargo has been processed or is en route: No refund, except in cases of error caused by EZ TRANS.<\/li><li data-start=\"1236\" data-end=\"1305\">Cancellation requests must be sent in writing or by email to Customer Service at: info@eztrans.vn<\/li><\/ul>\t\t\t\t\t\t\t\t<\/div>\n\t\t\t\t<\/div>\n\t\t\t\t\t<\/div>\n\t\t\t\t<\/div>\n\t\t<div class=\"elementor-element elementor-element-02c58d9 e-flex e-con-boxed e-con e-parent\" data-id=\"02c58d9\" data-element_type=\"container\" data-e-type=\"container\">\n\t\t\t\t\t<div class=\"e-con-inner\">\n\t\t\t\t<div class=\"elementor-element elementor-element-6605b7a elementor-widget elementor-widget-spacer\" data-id=\"6605b7a\" data-element_type=\"widget\" data-e-type=\"widget\" data-widget_type=\"spacer.default\">\n\t\t\t\t<div class=\"elementor-widget-container\">\n\t\t\t\t\t\t\t<div class=\"elementor-spacer\">\n\t\t\t<div class=\"elementor-spacer-inner\"><\/div>\n\t\t<\/div>\n\t\t\t\t\t\t<\/div>\n\t\t\t\t<\/div>\n\t\t\t\t\t<\/div>\n\t\t\t\t<\/div>\n\t\t<div class=\"elementor-element elementor-element-1adb73b e-flex e-con-boxed e-con e-parent\" data-id=\"1adb73b\" data-element_type=\"container\" data-e-type=\"container\">\n\t\t\t\t\t<div class=\"e-con-inner\">\n\t\t\t\t<div class=\"elementor-element elementor-element-bb7c220 elementor-widget elementor-widget-heading\" data-id=\"bb7c220\" data-element_type=\"widget\" data-e-type=\"widget\" data-widget_type=\"heading.default\">\n\t\t\t\t<div class=\"elementor-widget-container\">\n\t\t\t\t\t<h2 class=\"elementor-heading-title elementor-size-default\">4. Ho\u00e0n ti\u1ec1n &amp; \u0111i\u1ec1u ch\u1ec9nh ph\u00ed\n<\/h2>\t\t\t\t<\/div>\n\t\t\t\t<\/div>\n\t\t\t\t<div class=\"elementor-element elementor-element-2047ff0 elementor-widget elementor-widget-text-editor\" data-id=\"2047ff0\" data-element_type=\"widget\" data-e-type=\"widget\" data-widget_type=\"text-editor.default\">\n\t\t\t\t<div class=\"elementor-widget-container\">\n\t\t\t\t\t\t\t\t\t<ul><li data-start=\"1559\" data-end=\"1662\"><p data-start=\"1561\" data-end=\"1662\" class=\"translation-block\">For valid cancellations, refunds will be processed within 7\u201310 business days of confirmation.<\/p><\/li><li data-start=\"1663\" data-end=\"1788\"><p data-start=\"1665\" data-end=\"1788\">If there are changes in weight, cargo type, or route, fees may be adjusted accordingly.<\/p><\/li><li data-start=\"1789\" data-end=\"1890\"><p data-start=\"1791\" data-end=\"1890\">EZ TRANS will inform customers in advance of any changes for review and approval before proceeding.<\/p><\/li><\/ul>\t\t\t\t\t\t\t\t<\/div>\n\t\t\t\t<\/div>\n\t\t\t\t\t<\/div>\n\t\t\t\t<\/div>\n\t\t<div class=\"elementor-element elementor-element-b0ec2c5 e-flex e-con-boxed e-con e-parent\" data-id=\"b0ec2c5\" data-element_type=\"container\" data-e-type=\"container\">\n\t\t\t\t\t<div class=\"e-con-inner\">\n\t\t\t\t<div class=\"elementor-element elementor-element-0e86311 elementor-widget elementor-widget-spacer\" data-id=\"0e86311\" data-element_type=\"widget\" data-e-type=\"widget\" data-widget_type=\"spacer.default\">\n\t\t\t\t<div class=\"elementor-widget-container\">\n\t\t\t\t\t\t\t<div class=\"elementor-spacer\">\n\t\t\t<div class=\"elementor-spacer-inner\"><\/div>\n\t\t<\/div>\n\t\t\t\t\t\t<\/div>\n\t\t\t\t<\/div>\n\t\t\t\t\t<\/div>\n\t\t\t\t<\/div>\n\t\t<div class=\"elementor-element elementor-element-b85afd0 e-flex e-con-boxed e-con e-parent\" data-id=\"b85afd0\" data-element_type=\"container\" data-e-type=\"container\">\n\t\t\t\t\t<div class=\"e-con-inner\">\n\t\t\t\t<div class=\"elementor-element elementor-element-df577f7 elementor-widget elementor-widget-text-editor\" data-id=\"df577f7\" data-element_type=\"widget\" data-e-type=\"widget\" data-widget_type=\"text-editor.default\">\n\t\t\t\t<div class=\"elementor-widget-container\">\n\t\t\t\t\t\t\t\t\t<p><strong data-start=\"1897\" data-end=\"2052\">EZ TRANS prioritizes transparency in every transaction, ensuring all payment and cancellation terms are clear\u2014so you can collaborate with peace of mind for the long term.<br \/><\/strong><br data-start=\"2052\" data-end=\"2055\" \/>For any questions, please contact our Customer Service team for prompt support.<\/p>\t\t\t\t\t\t\t\t<\/div>\n\t\t\t\t<\/div>\n\t\t\t\t\t<\/div>\n\t\t\t\t<\/div>\n\t\t<div class=\"elementor-element elementor-element-6994f2d e-flex e-con-boxed e-con e-parent\" data-id=\"6994f2d\" data-element_type=\"container\" data-e-type=\"container\">\n\t\t\t\t\t<div class=\"e-con-inner\">\n\t\t\t\t<div class=\"elementor-element elementor-element-9de17c5 elementor-widget elementor-widget-spacer\" data-id=\"9de17c5\" data-element_type=\"widget\" data-e-type=\"widget\" data-widget_type=\"spacer.default\">\n\t\t\t\t<div class=\"elementor-widget-container\">\n\t\t\t\t\t\t\t<div class=\"elementor-spacer\">\n\t\t\t<div class=\"elementor-spacer-inner\"><\/div>\n\t\t<\/div>\n\t\t\t\t\t\t<\/div>\n\t\t\t\t<\/div>\n\t\t\t\t\t<\/div>\n\t\t\t\t<\/div>\n\t\t\t\t<\/div>","protected":false},"excerpt":{"rendered":"<p>\u0110i\u1ec1u Kho\u1ea3n Thanh To\u00e1n &#038; H\u1ee7y D\u1ecbch V\u1ee5 Minh b\u1ea1ch \u2013 Nhanh ch\u00f3ng \u2013 H\u1ee3p l\u00fd.EZ TRANS cam k\u1ebft mang \u0111\u1ebfn quy tr\u00ecnh thanh to\u00e1n v\u00e0 ch\u00ednh s\u00e1ch h\u1ee7y d\u1ecbch v\u1ee5 r\u00f5 r\u00e0ng, c\u00f4ng b\u1eb1ng, \u0111\u1ea3m b\u1ea3o quy\u1ec1n l\u1ee3i cho c\u1ea3 hai b\u00ean. 1. H\u00ecnh th\u1ee9c thanh to\u00e1n Kh\u00e1ch h\u00e0ng c\u00f3 th\u1ec3 l\u1ef1a ch\u1ecdn m\u1ed9t&#8230;<\/p>","protected":false},"author":1,"featured_media":0,"parent":0,"menu_order":0,"comment_status":"closed","ping_status":"closed","template":"","meta":{"_kad_post_transparent":"","_kad_post_title":"hide","_kad_post_layout":"fullwidth","_kad_post_sidebar_id":"","_kad_post_content_style":"unboxed","_kad_post_vertical_padding":"hide","_kad_post_feature":"hide","_kad_post_feature_position":"","_kad_post_header":false,"_kad_post_footer":false,"_kad_post_classname":"","footnotes":""},"class_list":["post-50","page","type-page","status-publish","hentry"],"_links":{"self":[{"href":"https:\/\/eztrans.vn\/en\/wp-json\/wp\/v2\/pages\/50","targetHints":{"allow":["GET"]}}],"collection":[{"href":"https:\/\/eztrans.vn\/en\/wp-json\/wp\/v2\/pages"}],"about":[{"href":"https:\/\/eztrans.vn\/en\/wp-json\/wp\/v2\/types\/page"}],"author":[{"embeddable":true,"href":"https:\/\/eztrans.vn\/en\/wp-json\/wp\/v2\/users\/1"}],"replies":[{"embeddable":true,"href":"https:\/\/eztrans.vn\/en\/wp-json\/wp\/v2\/comments?post=50"}],"version-history":[{"count":49,"href":"https:\/\/eztrans.vn\/en\/wp-json\/wp\/v2\/pages\/50\/revisions"}],"predecessor-version":[{"id":2850,"href":"https:\/\/eztrans.vn\/en\/wp-json\/wp\/v2\/pages\/50\/revisions\/2850"}],"wp:attachment":[{"href":"https:\/\/eztrans.vn\/en\/wp-json\/wp\/v2\/media?parent=50"}],"curies":[{"name":"wp","href":"https:\/\/api.w.org\/{rel}","templated":true}]}}